{"id":259,"date":"2026-02-10T14:10:04","date_gmt":"2026-02-10T14:10:04","guid":{"rendered":"https:\/\/pet-o-sec.be\/index.php\/blog\/"},"modified":"2026-03-22T19:37:22","modified_gmt":"2026-03-22T19:37:22","slug":"blog","status":"publish","type":"page","link":"https:\/\/pet-o-sec.be\/index.php\/blog\/","title":{"rendered":"Blog"},"content":{"rendered":"\n<p class=\"has-contrast-color has-text-color has-link-color wp-elements-ab018e663c5a472ab7f8adcb328c0cd8\">Pet-O-Sec, une fois qu\u2019on met le pied dedans ou plut\u00f4t les fesses dessus, on est happ\u00e9 par l\u2019\u00e9nergie du projet, on a envie d\u2019apporter sa pierre \u00e0 l\u2019\u00e9difice, avec des tissus, des id\u00e9es, des photos, de la bienveillance!<br><br>Et je vous le dis, \u00e7a fait tellement plaisir, \u00e7a n\u2019a pas de prix!<br><br>Mais comment faisait-on avant ?<br><br>Pet-O-Sec : une communaut\u00e9 de fans, des mots gentils, des messages encourageants, une \u00e9quipe de couturiers.ers en r\u00e9insertion professionnelle toujours plus investis.<br><br>Manque image <\/p>\n\n\n\n\n\n<p><\/p>\n","protected":false},"excerpt":{"rendered":"<p>Pet-O-Sec, une fois qu\u2019on met le pied dedans ou plut\u00f4t les fesses dessus, on est happ\u00e9 par l\u2019\u00e9nergie du projet, on a envie d\u2019apporter sa pierre \u00e0 l\u2019\u00e9difice, avec des tissus, des id\u00e9es, des photos, de la bienveillance! Et je vous le dis, \u00e7a fait tellement plaisir, \u00e7a n\u2019a pas de prix! Mais comment faisait-on [&hellip;]<\/p>\n","protected":false},"author":2,"featured_media":0,"parent":0,"menu_order":0,"comment_status":"closed","ping_status":"closed","template":"","meta":{"_themeisle_gutenberg_block_has_review":false,"footnotes":""},"class_list":["post-259","page","type-page","status-publish","hentry"],"_links":{"self":[{"href":"https:\/\/pet-o-sec.be\/index.php\/wp-json\/wp\/v2\/pages\/259","targetHints":{"allow":["GET"]}}],"collection":[{"href":"https:\/\/pet-o-sec.be\/index.php\/wp-json\/wp\/v2\/pages"}],"about":[{"href":"https:\/\/pet-o-sec.be\/index.php\/wp-json\/wp\/v2\/types\/page"}],"author":[{"embeddable":true,"href":"https:\/\/pet-o-sec.be\/index.php\/wp-json\/wp\/v2\/users\/2"}],"replies":[{"embeddable":true,"href":"https:\/\/pet-o-sec.be\/index.php\/wp-json\/wp\/v2\/comments?post=259"}],"version-history":[{"count":2,"href":"https:\/\/pet-o-sec.be\/index.php\/wp-json\/wp\/v2\/pages\/259\/revisions"}],"predecessor-version":[{"id":357,"href":"https:\/\/pet-o-sec.be\/index.php\/wp-json\/wp\/v2\/pages\/259\/revisions\/357"}],"wp:attachment":[{"href":"https:\/\/pet-o-sec.be\/index.php\/wp-json\/wp\/v2\/media?parent=259"}],"curies":[{"name":"wp","href":"https:\/\/api.w.org\/{rel}","templated":true}]}}