{"id":257,"date":"2026-02-10T14:08:55","date_gmt":"2026-02-10T14:08:55","guid":{"rendered":"https:\/\/pet-o-sec.be\/index.php\/recyclage-vs-upcycling\/"},"modified":"2026-03-22T10:02:15","modified_gmt":"2026-03-22T10:02:15","slug":"recyclage-vs-upcycling","status":"publish","type":"page","link":"https:\/\/pet-o-sec.be\/index.php\/recyclage-vs-upcycling\/","title":{"rendered":"UPcycling VS REcycling"},"content":{"rendered":"\n<p class=\"has-text-align-center is-style-default\">L\u2019upcycling (ou surcyclage ) et le recyclage\u00a0\u00a0ont tout deux le m\u00eame objectif de diminuer\u00a0\u00a0les d\u00e9chets<br><br>MAIS ils diff\u00e8rent dans le mode de traitement:<\/p>\n\n\n\n<div class=\"wp-block-columns is-layout-flex wp-container-core-columns-is-layout-28f84493 wp-block-columns-is-layout-flex\">\n<div class=\"wp-block-column is-layout-flow wp-block-column-is-layout-flow\">\n<ul class=\"wp-block-list\">\n<li class=\"has-large-font-size\">transformation et r\u00e9utilisation des objets usag\u00e9s en produits de qualit\u00e9 sup\u00e9rieure<\/li>\n\n\n\n<li>pas de destruction de mati\u00e8re ( l\u2019objet est encore identifiable)<\/li>\n\n\n\n<li>processus cr\u00e9atif et manuel<\/li>\n\n\n\n<li>valeur augment\u00e9e de l\u2019objet ( b\u00e2che devient un sac)<\/li>\n\n\n\n<li>impact \u00e9cologique faible&nbsp;&nbsp;(pas de traitement industriels lourds et \/ou chimiques)<\/li>\n<\/ul>\n<\/div>\n\n\n\n<div class=\"wp-block-column is-layout-flow wp-block-column-is-layout-flow\">\n<ul class=\"wp-block-list\">\n<li>n\u00e9cessite une transformation industrielle ( broyage, fonte, chimie)<\/li>\n\n\n\n<li>destruction de la mati\u00e8re<\/li>\n\n\n\n<li>processus industriel lourd<\/li>\n\n\n\n<li>valeur maintenue&nbsp;&nbsp;(verre ) ou diminu\u00e9e de la mati\u00e8re ( plastique)<\/li>\n\n\n\n<li>impact \u00e9cologique cons\u00e9quent n\u00e9cessitant de l\u2019\u00e9nergie et de l\u2019eau en quantit\u00e9 industrielle.<\/li>\n<\/ul>\n<\/div>\n<\/div>\n\n\n\n<p>test <\/p>\n","protected":false},"excerpt":{"rendered":"<p>L\u2019upcycling (ou surcyclage ) et le recyclage\u00a0\u00a0ont tout deux le m\u00eame objectif de diminuer\u00a0\u00a0les d\u00e9chets MAIS ils diff\u00e8rent dans le mode de traitement: test<\/p>\n","protected":false},"author":2,"featured_media":0,"parent":0,"menu_order":0,"comment_status":"closed","ping_status":"closed","template":"","meta":{"_themeisle_gutenberg_block_has_review":false,"footnotes":""},"class_list":["post-257","page","type-page","status-publish","hentry"],"_links":{"self":[{"href":"https:\/\/pet-o-sec.be\/index.php\/wp-json\/wp\/v2\/pages\/257","targetHints":{"allow":["GET"]}}],"collection":[{"href":"https:\/\/pet-o-sec.be\/index.php\/wp-json\/wp\/v2\/pages"}],"about":[{"href":"https:\/\/pet-o-sec.be\/index.php\/wp-json\/wp\/v2\/types\/page"}],"author":[{"embeddable":true,"href":"https:\/\/pet-o-sec.be\/index.php\/wp-json\/wp\/v2\/users\/2"}],"replies":[{"embeddable":true,"href":"https:\/\/pet-o-sec.be\/index.php\/wp-json\/wp\/v2\/comments?post=257"}],"version-history":[{"count":4,"href":"https:\/\/pet-o-sec.be\/index.php\/wp-json\/wp\/v2\/pages\/257\/revisions"}],"predecessor-version":[{"id":306,"href":"https:\/\/pet-o-sec.be\/index.php\/wp-json\/wp\/v2\/pages\/257\/revisions\/306"}],"wp:attachment":[{"href":"https:\/\/pet-o-sec.be\/index.php\/wp-json\/wp\/v2\/media?parent=257"}],"curies":[{"name":"wp","href":"https:\/\/api.w.org\/{rel}","templated":true}]}}