{"id":256,"date":"2026-02-10T14:07:13","date_gmt":"2026-02-10T14:07:13","guid":{"rendered":"https:\/\/pet-o-sec.be\/index.php\/le-concept-nos-valeurs\/"},"modified":"2026-03-22T10:09:30","modified_gmt":"2026-03-22T10:09:30","slug":"le-concept-nos-valeurs","status":"publish","type":"page","link":"https:\/\/pet-o-sec.be\/index.php\/le-concept-nos-valeurs\/","title":{"rendered":"Le concept &#8211; Nos valeurs"},"content":{"rendered":"\n<figure class=\"wp-block-image alignwide size-large\"><img loading=\"lazy\" decoding=\"async\" width=\"1024\" height=\"154\" src=\"http:\/\/pet-o-sec.be\/wp-content\/uploads\/2026\/02\/Capture-decran-2026-02-10-a-12.33.06-1024x154.png\" alt=\"\" class=\"wp-image-242\" srcset=\"https:\/\/pet-o-sec.be\/wp-content\/uploads\/2026\/02\/Capture-decran-2026-02-10-a-12.33.06-1024x154.png 1024w, https:\/\/pet-o-sec.be\/wp-content\/uploads\/2026\/02\/Capture-decran-2026-02-10-a-12.33.06-300x45.png 300w, https:\/\/pet-o-sec.be\/wp-content\/uploads\/2026\/02\/Capture-decran-2026-02-10-a-12.33.06-768x116.png 768w, https:\/\/pet-o-sec.be\/wp-content\/uploads\/2026\/02\/Capture-decran-2026-02-10-a-12.33.06-1536x231.png 1536w, https:\/\/pet-o-sec.be\/wp-content\/uploads\/2026\/02\/Capture-decran-2026-02-10-a-12.33.06-600x90.png 600w, https:\/\/pet-o-sec.be\/wp-content\/uploads\/2026\/02\/Capture-decran-2026-02-10-a-12.33.06.png 1768w\" sizes=\"auto, (max-width: 1024px) 100vw, 1024px\" \/><\/figure>\n\n\n\n<p><\/p>\n\n\n\n<div class=\"wp-block-columns alignwide is-layout-flex wp-container-core-columns-is-layout-28f84493 wp-block-columns-is-layout-flex\">\n<div class=\"wp-block-column is-layout-flow wp-block-column-is-layout-flow\">\n<h2 class=\"wp-block-heading\">Qui donne la mati\u00e8re<\/h2>\n\n\n\n<ul class=\"wp-block-list\">\n<li>Spa Royal Festival<\/li>\n\n\n\n<li>Formula 1 Belgian Grand Prix<\/li>\n\n\n\n<li>Foire\u00a0\u00a0Agricole de Libramont<\/li>\n\n\n\n<li>La laine C\u00e9leste<\/li>\n\n\n\n<li>Terre<\/li>\n\n\n\n<li>+ les gentils donateurs priv\u00e9s<\/li>\n<\/ul>\n<\/div>\n\n\n\n<div class=\"wp-block-column is-layout-flow wp-block-column-is-layout-flow\">\n<h2 class=\"wp-block-heading\">Qui la transforme<\/h2>\n\n\n\n<ul class=\"wp-block-list\">\n<li>Step M\u00e9tiers<\/li>\n\n\n\n<li>A l\u2019est S\u00e9rigraphie<\/li>\n\n\n\n<li>CRC de Verviers<\/li>\n\n\n\n<li>Rouge Couture<\/li>\n\n\n\n<li>Hello D\u00e9co<\/li>\n\n\n\n<li>Marilpic<\/li>\n\n\n\n<li>Kooper the Toller<\/li>\n<\/ul>\n<\/div>\n\n\n\n<div class=\"wp-block-column is-layout-flow wp-block-column-is-layout-flow\">\n<h2 class=\"wp-block-heading\">Qui la distribue<\/h2>\n\n\n\n<ul class=\"wp-block-list\">\n<li>Et Qw\u00e8 Pop up store<\/li>\n\n\n\n<li>La Boutique des Cr\u00e9ateurs Spa<\/li>\n\n\n\n<li>Perluciole<\/li>\n\n\n\n<li>Poy\u00e8te Depairon Concept Store<\/li>\n\n\n\n<li>Tipi<\/li>\n\n\n\n<li>Wattitude<\/li>\n\n\n\n<li>Mom\u2019s Pop up Store<\/li>\n\n\n\n<li>Alimentation G\u00e9n\u00e9rale Aubel<\/li>\n\n\n\n<li>Ma saison pr\u00e9f\u00e9r\u00e9e Jodoigne<\/li>\n<\/ul>\n<\/div>\n<\/div>\n\n\n\n<p>manque QR Canva dia 5<\/p>\n\n\n\n<p><\/p>\n","protected":false},"excerpt":{"rendered":"<p>Qui donne la mati\u00e8re Qui la transforme Qui la distribue manque QR Canva dia 5<\/p>\n","protected":false},"author":2,"featured_media":0,"parent":0,"menu_order":0,"comment_status":"closed","ping_status":"closed","template":"","meta":{"_themeisle_gutenberg_block_has_review":false,"footnotes":""},"class_list":["post-256","page","type-page","status-publish","hentry"],"_links":{"self":[{"href":"https:\/\/pet-o-sec.be\/index.php\/wp-json\/wp\/v2\/pages\/256","targetHints":{"allow":["GET"]}}],"collection":[{"href":"https:\/\/pet-o-sec.be\/index.php\/wp-json\/wp\/v2\/pages"}],"about":[{"href":"https:\/\/pet-o-sec.be\/index.php\/wp-json\/wp\/v2\/types\/page"}],"author":[{"embeddable":true,"href":"https:\/\/pet-o-sec.be\/index.php\/wp-json\/wp\/v2\/users\/2"}],"replies":[{"embeddable":true,"href":"https:\/\/pet-o-sec.be\/index.php\/wp-json\/wp\/v2\/comments?post=256"}],"version-history":[{"count":1,"href":"https:\/\/pet-o-sec.be\/index.php\/wp-json\/wp\/v2\/pages\/256\/revisions"}],"predecessor-version":[{"id":263,"href":"https:\/\/pet-o-sec.be\/index.php\/wp-json\/wp\/v2\/pages\/256\/revisions\/263"}],"wp:attachment":[{"href":"https:\/\/pet-o-sec.be\/index.php\/wp-json\/wp\/v2\/media?parent=256"}],"curies":[{"name":"wp","href":"https:\/\/api.w.org\/{rel}","templated":true}]}}