{"id":219,"date":"2026-02-10T11:07:16","date_gmt":"2026-02-10T11:07:16","guid":{"rendered":"https:\/\/pet-o-sec.be\/?page_id=219"},"modified":"2026-03-22T19:18:44","modified_gmt":"2026-03-22T19:18:44","slug":"notre-histoire-valeurs-et-respect","status":"publish","type":"page","link":"https:\/\/pet-o-sec.be\/index.php\/notre-histoire-valeurs-et-respect\/","title":{"rendered":"Notre histoire"},"content":{"rendered":"\n<p><\/p>\n\n\n\n<div class=\"wp-block-columns alignwide is-layout-flex wp-container-core-columns-is-layout-28f84493 wp-block-columns-is-layout-flex\">\n<div class=\"wp-block-column is-vertically-aligned-center is-layout-flow wp-block-column-is-layout-flow\" style=\"flex-basis:100%\">\n<p class=\"is-style-text-annotation has-contrast-color has-text-color has-link-color has-large-font-size wp-elements-704f131f926c99d456e196973a89a78d is-style-text-annotation--1\" style=\"border-style:none;border-width:0px;border-top-left-radius:0px;border-top-right-radius:0px;border-bottom-left-radius:0px;border-bottom-right-radius:0px\">Tout d\u00e9marre en 2020, Pet-O-Sec voit le jour lors d\u2019une balade \u201cCovid\u201d.<br><br>Je m\u2019appelle Murielle, anti-gaspi dans l\u2019\u00e2me et en reconversion professionnelle, j\u2019ai alors le \u201ctemps\u201d d\u2019imaginer un prototype que je couds \u00e0 la main.<br><br>Les amis de balades sont unanimes, c\u2019est g\u00e9nial, ils veulent le m\u00eame!<br><br>Famille et amis testent et donnent leur feed-back sur les 1\u00e8res versions du Pet-O-Sec.<br><br>Ensemble, on va plus loin!<br><br>Au fil du temps, les mati\u00e8res r\u00e9colt\u00e9es, sachets des courses et tissus, sont de plus en plus nombreuses et&nbsp;&nbsp;je peux donner libre cours \u00e0 mon imagination pour les compositions.<br><br>\u201cC\u2019est fantastique de voir la mati\u00e8re, vou\u00e9e \u00e0 l\u2019incin\u00e9rateur -seuls 10 \u00e0 30 % du plastique sont recycl\u00e9s, de mani\u00e8re chimique&nbsp;&nbsp;-rena\u00eetre et devenir une pi\u00e8ce unique, robuste et super pratique!\u201d<br><br>Une fois test\u00e9, tu ne peux plus t\u2019en passer!&nbsp;&nbsp;VOUS avez ainsi port\u00e9 le Pet-O-Sec vers son succ\u00e8s en participant activement \u00e0 sa diffusion.<br><br>A ce jour les mati\u00e8res affluent de soci\u00e9t\u00e9s locales, d\u2019\u00e9v\u00e8nements, foires, festivals et \u00e0 chaque mati\u00e8re, chaque petit morceau restant, Pet-O-Sec lui trouve une utilit\u00e9 toujours test\u00e9e et approuv\u00e9e.<br><br>Et pour s\u2019inscrire dans une d\u00e9marche la plus circulaire et solidaire possible,( ensemble on est plus fort), Pet-O-Sec travaille en collaboration avec un atelier de r\u00e9insertion professionnelle, des personnes en apprentissage couture, pour l\u2019assemblage et la finition de certains articles.<br><br>Pet-O-Sec , le premier \u00e0 voir le jour en 2020, contrairement aux copies et imitations, est enti\u00e8rement compos\u00e9 de mat\u00e9riaux upcycl\u00e9s.<br><br>Seules l\u2019\u00e9tiquette et la pression sont neuves. Et les \u00e9tiquettes sont m\u00eame imprim\u00e9es en Belgique!<br><br>Donc le circuit court, z\u00e9ro d\u00e9chet, le soutien entre cr\u00e9ateurs, l\u2019\u00e9conomie circulaire et solidaire, on kiffe !<br><br>Le cot\u00e9 isolant et chaud est procur\u00e9 par la laine de mouton lav\u00e9e et card\u00e9e manuellement dans la r\u00e9gion vervi\u00e9toise.&nbsp;&nbsp;La fili\u00e8re laine r\u00e9invent\u00e9e. On adore !<br><br>Pet-O-Sec s\u2019inscrit dans une d\u00e9marche \u00e9thique, durable, solidaire et respectueuse de l\u2019environnement.<\/p>\n<\/div>\n<\/div>\n\n\n\n<figure class=\"wp-block-image size-large is-resized\"><img loading=\"lazy\" decoding=\"async\" width=\"1024\" height=\"140\" src=\"https:\/\/pet-o-sec.be\/wp-content\/uploads\/2026\/02\/Sans-titre-5-1-1024x140.png\" alt=\"\" class=\"wp-image-232\" style=\"width:1024px;height:auto\" srcset=\"https:\/\/pet-o-sec.be\/wp-content\/uploads\/2026\/02\/Sans-titre-5-1-1024x140.png 1024w, https:\/\/pet-o-sec.be\/wp-content\/uploads\/2026\/02\/Sans-titre-5-1-300x41.png 300w, https:\/\/pet-o-sec.be\/wp-content\/uploads\/2026\/02\/Sans-titre-5-1-768x105.png 768w, https:\/\/pet-o-sec.be\/wp-content\/uploads\/2026\/02\/Sans-titre-5-1-1536x209.png 1536w, https:\/\/pet-o-sec.be\/wp-content\/uploads\/2026\/02\/Sans-titre-5-1-2048x279.png 2048w, https:\/\/pet-o-sec.be\/wp-content\/uploads\/2026\/02\/Sans-titre-5-1-600x82.png 600w\" sizes=\"auto, (max-width: 1024px) 100vw, 1024px\" \/><\/figure>\n\n\n\n<p><\/p>\n","protected":false},"excerpt":{"rendered":"<p>Tout d\u00e9marre en 2020, Pet-O-Sec voit le jour lors d\u2019une balade \u201cCovid\u201d. Je m\u2019appelle Murielle, anti-gaspi dans l\u2019\u00e2me et en reconversion professionnelle, j\u2019ai alors le \u201ctemps\u201d d\u2019imaginer un prototype que je couds \u00e0 la main. Les amis de balades sont unanimes, c\u2019est g\u00e9nial, ils veulent le m\u00eame! Famille et amis testent et donnent leur feed-back [&hellip;]<\/p>\n","protected":false},"author":2,"featured_media":0,"parent":0,"menu_order":0,"comment_status":"closed","ping_status":"closed","template":"","meta":{"_themeisle_gutenberg_block_has_review":false,"footnotes":""},"class_list":["post-219","page","type-page","status-publish","hentry"],"_links":{"self":[{"href":"https:\/\/pet-o-sec.be\/index.php\/wp-json\/wp\/v2\/pages\/219","targetHints":{"allow":["GET"]}}],"collection":[{"href":"https:\/\/pet-o-sec.be\/index.php\/wp-json\/wp\/v2\/pages"}],"about":[{"href":"https:\/\/pet-o-sec.be\/index.php\/wp-json\/wp\/v2\/types\/page"}],"author":[{"embeddable":true,"href":"https:\/\/pet-o-sec.be\/index.php\/wp-json\/wp\/v2\/users\/2"}],"replies":[{"embeddable":true,"href":"https:\/\/pet-o-sec.be\/index.php\/wp-json\/wp\/v2\/comments?post=219"}],"version-history":[{"count":9,"href":"https:\/\/pet-o-sec.be\/index.php\/wp-json\/wp\/v2\/pages\/219\/revisions"}],"predecessor-version":[{"id":347,"href":"https:\/\/pet-o-sec.be\/index.php\/wp-json\/wp\/v2\/pages\/219\/revisions\/347"}],"wp:attachment":[{"href":"https:\/\/pet-o-sec.be\/index.php\/wp-json\/wp\/v2\/media?parent=219"}],"curies":[{"name":"wp","href":"https:\/\/api.w.org\/{rel}","templated":true}]}}